{"id":771,"date":"2020-05-07T14:39:32","date_gmt":"2020-05-07T14:39:32","guid":{"rendered":"https:\/\/brunnholl.is\/cancellation-policy\/"},"modified":"2020-05-20T17:50:30","modified_gmt":"2020-05-20T17:50:30","slug":"afbokunarskilmalar","status":"publish","type":"page","link":"https:\/\/brunnholl.is\/is\/afbokunarskilmalar\/","title":{"rendered":"Afb\u00f3kunarskilm\u00e1lar"},"content":{"rendered":"\t\t<div data-elementor-type=\"wp-page\" data-elementor-id=\"771\" class=\"elementor elementor-771 elementor-232\" data-elementor-post-type=\"page\">\n\t\t\t\t\t\t<section class=\"elementor-section elementor-top-section elementor-element elementor-element-278acc0 elementor-section-boxed elementor-section-height-default elementor-section-height-default\" data-id=\"278acc0\" data-element_type=\"section\" data-e-type=\"section\" data-settings=\"{&quot;background_background&quot;:&quot;classic&quot;}\">\n\t\t\t\t\t\t<div class=\"elementor-container elementor-column-gap-default\">\n\t\t\t\t\t<div class=\"elementor-column elementor-col-100 elementor-top-column elementor-element elementor-element-14bf5269\" data-id=\"14bf5269\" data-element_type=\"column\" data-e-type=\"column\">\n\t\t\t<div class=\"elementor-widget-wrap elementor-element-populated\">\n\t\t\t\t\t\t<section class=\"elementor-section elementor-inner-section elementor-element elementor-element-7ae50d37 elementor-section-boxed elementor-section-height-default elementor-section-height-default\" data-id=\"7ae50d37\" data-element_type=\"section\" data-e-type=\"section\">\n\t\t\t\t\t\t<div class=\"elementor-container elementor-column-gap-default\">\n\t\t\t\t\t<div class=\"elementor-column elementor-col-50 elementor-inner-column elementor-element elementor-element-76aad44f\" data-id=\"76aad44f\" data-element_type=\"column\" data-e-type=\"column\">\n\t\t\t<div class=\"elementor-widget-wrap elementor-element-populated\">\n\t\t\t\t\t\t<div class=\"elementor-element elementor-element-5455fe42 elementor-widget elementor-widget-heading\" data-id=\"5455fe42\" data-element_type=\"widget\" data-e-type=\"widget\" data-widget_type=\"heading.default\">\n\t\t\t\t<div class=\"elementor-widget-container\">\n\t\t\t\t\t<h2 class=\"elementor-heading-title elementor-size-default\">Afb\u00f3kunarskilm\u00e1lar<\/h2>\t\t\t\t<\/div>\n\t\t\t\t<\/div>\n\t\t\t\t<div class=\"elementor-element elementor-element-5e3c8d3a elementor-widget elementor-widget-heading\" data-id=\"5e3c8d3a\" data-element_type=\"widget\" data-e-type=\"widget\" data-widget_type=\"heading.default\">\n\t\t\t\t<div class=\"elementor-widget-container\">\n\t\t\t\t\t<h2 class=\"elementor-heading-title elementor-size-default\">Ef afb\u00f3ka\u00f0 er tveim s\u00f3larhringum (48 klst) fyrir bo\u00f0a\u00f0an komudag er ekkert afb\u00f3kunargjald innheimt.  <br><br>Ef b\u00f3ka\u00f0 er me\u00f0 skemmri fyrirvara e\u00f0a gestir m\u00e6ta ekki er innheimt svokalla\u00f0 NO show.  Full upph\u00e6\u00f0 er \u00fe\u00e1 innheimt.<br><br>Til a\u00f0 sta\u00f0festa b\u00f3kanir er fari\u00f0 fram \u00e1 kortan\u00famer til tryggingar grei\u00f0slu.  Kortan\u00famer er geymt \u00ed loku\u00f0 geymsluh\u00f3lfi \u00ed b\u00f3kunarkerfi.<br><br>Innritun er fr\u00e1 klukkan 16 og \u00fatritun klukkan 11.00 f.h. H\u00e6gt er a\u00f0 \u00f3ska eftir r\u00fdmri t\u00edma ef r\u00edk \u00e1st\u00e6\u00f0a er til.<br><br>\u00deegar b\u00f3ku\u00f0 eru fimm herbergi e\u00f0a fleiri gilda strangari afb\u00f3kunarskilm\u00e1lar.  B\u00f3ka \u00fear a.m.k. me\u00f0 viku fyrirvara, annars ver\u00f0ur hluti \u00fe\u00f3knunar innheimtur.<br><br><\/h2>\t\t\t\t<\/div>\n\t\t\t\t<\/div>\n\t\t\t\t\t<\/div>\n\t\t<\/div>\n\t\t\t\t<div class=\"elementor-column elementor-col-50 elementor-inner-column elementor-element elementor-element-ee3b805\" data-id=\"ee3b805\" data-element_type=\"column\" data-e-type=\"column\">\n\t\t\t<div class=\"elementor-widget-wrap elementor-element-populated\">\n\t\t\t\t\t\t<div class=\"elementor-element elementor-element-7dfb329 elementor-widget elementor-widget-image\" data-id=\"7dfb329\" data-element_type=\"widget\" data-e-type=\"widget\" data-widget_type=\"image.default\">\n\t\t\t\t<div class=\"elementor-widget-container\">\n\t\t\t\t\t\t\t\t\t\t\t\t\t\t\t<img fetchpriority=\"high\" decoding=\"async\" width=\"500\" height=\"750\" src=\"https:\/\/brunnholl.is\/wp-content\/uploads\/2019\/10\/double-room.jpg\" class=\"attachment-large size-large wp-image-826\" alt=\"\" srcset=\"https:\/\/brunnholl.is\/wp-content\/uploads\/2019\/10\/double-room.jpg 500w, https:\/\/brunnholl.is\/wp-content\/uploads\/2019\/10\/double-room-200x300.jpg 200w\" sizes=\"(max-width: 500px) 100vw, 500px\" \/>\t\t\t\t\t\t\t\t\t\t\t\t\t\t\t<\/div>\n\t\t\t\t<\/div>\n\t\t\t\t\t<\/div>\n\t\t<\/div>\n\t\t\t\t\t<\/div>\n\t\t<\/section>\n\t\t\t\t\t<\/div>\n\t\t<\/div>\n\t\t\t\t\t<\/div>\n\t\t<\/section>\n\t\t\t\t<\/div>\n\t\t","protected":false},"excerpt":{"rendered":"<p>Afb\u00f3kunarskilm\u00e1lar Ef afb\u00f3ka\u00f0 er tveim s\u00f3larhringum (48 klst) fyrir bo\u00f0a\u00f0an komudag er ekkert afb\u00f3kunargjald innheimt. Ef b\u00f3ka\u00f0 er me\u00f0 skemmri fyrirvara e\u00f0a gestir m\u00e6ta ekki er innheimt svokalla\u00f0 NO show. Full upph\u00e6\u00f0 er \u00fe\u00e1 innheimt. Til a\u00f0 sta\u00f0festa b\u00f3kanir er fari\u00f0 fram \u00e1 kortan\u00famer til tryggingar grei\u00f0slu. Kortan\u00famer er geymt \u00ed loku\u00f0 geymsluh\u00f3lfi \u00ed b\u00f3kunarkerfi. [&hellip;]<\/p>\n","protected":false},"author":1,"featured_media":0,"parent":0,"menu_order":0,"comment_status":"closed","ping_status":"closed","template":"","meta":{"footnotes":""},"class_list":["post-771","page","type-page","status-publish","hentry"],"_links":{"self":[{"href":"https:\/\/brunnholl.is\/is\/wp-json\/wp\/v2\/pages\/771","targetHints":{"allow":["GET"]}}],"collection":[{"href":"https:\/\/brunnholl.is\/is\/wp-json\/wp\/v2\/pages"}],"about":[{"href":"https:\/\/brunnholl.is\/is\/wp-json\/wp\/v2\/types\/page"}],"author":[{"embeddable":true,"href":"https:\/\/brunnholl.is\/is\/wp-json\/wp\/v2\/users\/1"}],"replies":[{"embeddable":true,"href":"https:\/\/brunnholl.is\/is\/wp-json\/wp\/v2\/comments?post=771"}],"version-history":[{"count":5,"href":"https:\/\/brunnholl.is\/is\/wp-json\/wp\/v2\/pages\/771\/revisions"}],"predecessor-version":[{"id":1010,"href":"https:\/\/brunnholl.is\/is\/wp-json\/wp\/v2\/pages\/771\/revisions\/1010"}],"wp:attachment":[{"href":"https:\/\/brunnholl.is\/is\/wp-json\/wp\/v2\/media?parent=771"}],"curies":[{"name":"wp","href":"https:\/\/api.w.org\/{rel}","templated":true}]}}