{"id":785,"date":"2020-05-07T14:53:16","date_gmt":"2020-05-07T14:53:16","guid":{"rendered":"https:\/\/brunnholl.is\/dining\/"},"modified":"2025-08-01T18:39:19","modified_gmt":"2025-08-01T18:39:19","slug":"veitingar","status":"publish","type":"page","link":"https:\/\/brunnholl.is\/is\/veitingar\/","title":{"rendered":"Veitingar"},"content":{"rendered":"\t\t<div data-elementor-type=\"wp-page\" data-elementor-id=\"785\" class=\"elementor elementor-785 elementor-241\" data-elementor-post-type=\"page\">\n\t\t\t\t\t\t<section class=\"elementor-section elementor-top-section elementor-element elementor-element-3b672277 elementor-section-height-full elementor-section-boxed elementor-section-height-default elementor-section-items-middle\" data-id=\"3b672277\" data-element_type=\"section\" data-e-type=\"section\" data-settings=\"{&quot;background_background&quot;:&quot;slideshow&quot;,&quot;background_slideshow_gallery&quot;:[{&quot;id&quot;:150,&quot;url&quot;:&quot;https:\\\/\\\/brunnholl.is\\\/wp-content\\\/uploads\\\/2019\\\/10\\\/IMG_6807.jpg&quot;},{&quot;id&quot;:148,&quot;url&quot;:&quot;https:\\\/\\\/brunnholl.is\\\/wp-content\\\/uploads\\\/2019\\\/10\\\/dining.jpg&quot;}],&quot;background_motion_fx_translateY_effect&quot;:&quot;yes&quot;,&quot;background_slideshow_loop&quot;:&quot;yes&quot;,&quot;background_slideshow_slide_duration&quot;:5000,&quot;background_slideshow_slide_transition&quot;:&quot;fade&quot;,&quot;background_slideshow_transition_duration&quot;:500,&quot;background_motion_fx_translateY_speed&quot;:{&quot;unit&quot;:&quot;px&quot;,&quot;size&quot;:4,&quot;sizes&quot;:[]},&quot;background_motion_fx_translateY_affectedRange&quot;:{&quot;unit&quot;:&quot;%&quot;,&quot;size&quot;:&quot;&quot;,&quot;sizes&quot;:{&quot;start&quot;:0,&quot;end&quot;:100}},&quot;background_motion_fx_devices&quot;:[&quot;desktop&quot;,&quot;tablet&quot;,&quot;mobile&quot;]}\">\n\t\t\t\t\t\t\t<div class=\"elementor-background-overlay\"><\/div>\n\t\t\t\t\t\t\t<div class=\"elementor-container elementor-column-gap-default\">\n\t\t\t\t\t<div class=\"elementor-column elementor-col-100 elementor-top-column elementor-element elementor-element-14ad3487\" data-id=\"14ad3487\" data-element_type=\"column\" data-e-type=\"column\" data-settings=\"{&quot;background_background&quot;:&quot;classic&quot;}\">\n\t\t\t<div class=\"elementor-widget-wrap elementor-element-populated\">\n\t\t\t\t\t\t<section class=\"elementor-section elementor-inner-section elementor-element elementor-element-26e6648d elementor-section-boxed elementor-section-height-default elementor-section-height-default\" data-id=\"26e6648d\" data-element_type=\"section\" data-e-type=\"section\">\n\t\t\t\t\t\t<div class=\"elementor-container elementor-column-gap-default\">\n\t\t\t\t\t<div class=\"elementor-column elementor-col-100 elementor-inner-column elementor-element elementor-element-78f6dd68\" data-id=\"78f6dd68\" data-element_type=\"column\" data-e-type=\"column\">\n\t\t\t<div class=\"elementor-widget-wrap elementor-element-populated\">\n\t\t\t\t\t\t<div class=\"elementor-element elementor-element-22a1b58c elementor-widget elementor-widget-heading\" data-id=\"22a1b58c\" data-element_type=\"widget\" data-e-type=\"widget\" data-widget_type=\"heading.default\">\n\t\t\t\t<div class=\"elementor-widget-container\">\n\t\t\t\t\t<h2 class=\"elementor-heading-title elementor-size-default\">Brunnh\u00f3ll<\/h2>\t\t\t\t<\/div>\n\t\t\t\t<\/div>\n\t\t\t\t<div class=\"elementor-element elementor-element-58901f7e elementor-widget elementor-widget-heading\" data-id=\"58901f7e\" data-element_type=\"widget\" data-e-type=\"widget\" data-widget_type=\"heading.default\">\n\t\t\t\t<div class=\"elementor-widget-container\">\n\t\t\t\t\t<h2 class=\"elementor-heading-title elementor-size-default\">Veitingar<\/h2>\t\t\t\t<\/div>\n\t\t\t\t<\/div>\n\t\t\t\t<div class=\"elementor-element elementor-element-0070d8b elementor-widget elementor-widget-heading\" data-id=\"0070d8b\" data-element_type=\"widget\" data-e-type=\"widget\" data-widget_type=\"heading.default\">\n\t\t\t\t<div class=\"elementor-widget-container\">\n\t\t\t\t\t<h2 class=\"elementor-heading-title elementor-size-default\">S\u00e6ti fyrir 60 manns<\/h2>\t\t\t\t<\/div>\n\t\t\t\t<\/div>\n\t\t\t\t\t<\/div>\n\t\t<\/div>\n\t\t\t\t\t<\/div>\n\t\t<\/section>\n\t\t\t\t\t<\/div>\n\t\t<\/div>\n\t\t\t\t\t<\/div>\n\t\t<\/section>\n\t\t\t\t<section class=\"elementor-section elementor-top-section elementor-element elementor-element-4335e54a elementor-section-boxed elementor-section-height-default elementor-section-height-default\" data-id=\"4335e54a\" data-element_type=\"section\" data-e-type=\"section\">\n\t\t\t\t\t\t<div class=\"elementor-container elementor-column-gap-default\">\n\t\t\t\t\t<div class=\"elementor-column elementor-col-100 elementor-top-column elementor-element elementor-element-2a1566a9\" data-id=\"2a1566a9\" data-element_type=\"column\" data-e-type=\"column\">\n\t\t\t<div class=\"elementor-widget-wrap elementor-element-populated\">\n\t\t\t\t\t\t<section class=\"elementor-section elementor-inner-section elementor-element elementor-element-1564e1b elementor-section-boxed elementor-section-height-default elementor-section-height-default\" data-id=\"1564e1b\" data-element_type=\"section\" data-e-type=\"section\">\n\t\t\t\t\t\t<div class=\"elementor-container elementor-column-gap-default\">\n\t\t\t\t\t<div class=\"elementor-column elementor-col-33 elementor-inner-column elementor-element elementor-element-3fa53ed\" data-id=\"3fa53ed\" data-element_type=\"column\" data-e-type=\"column\">\n\t\t\t<div class=\"elementor-widget-wrap elementor-element-populated\">\n\t\t\t\t\t\t<div class=\"elementor-element elementor-element-f7524db elementor-view-default elementor-position-block-start elementor-mobile-position-block-start elementor-widget elementor-widget-icon-box\" data-id=\"f7524db\" data-element_type=\"widget\" data-e-type=\"widget\" data-widget_type=\"icon-box.default\">\n\t\t\t\t<div class=\"elementor-widget-container\">\n\t\t\t\t\t\t\t<div class=\"elementor-icon-box-wrapper\">\n\n\t\t\t\t\t\t<div class=\"elementor-icon-box-icon\">\n\t\t\t\t<span  class=\"elementor-icon\">\n\t\t\t\t<svg xmlns=\"http:\/\/www.w3.org\/2000\/svg\" xmlns:xlink=\"http:\/\/www.w3.org\/1999\/xlink\" id=\"Capa_1\" x=\"0px\" y=\"0px\" viewBox=\"0 0 210.947 210.947\" style=\"enable-background:new 0 0 210.947 210.947;\" xml:space=\"preserve\"><g>\t<g>\t\t<path d=\"M105.434,34.254c-39.272,0-71.221,31.949-71.221,71.221c0,39.271,31.949,71.22,71.221,71.22    c39.273,0,71.223-31.949,71.223-71.22C176.658,66.203,144.707,34.254,105.434,34.254z M105.434,169.945    c-35.549,0-64.471-28.921-64.471-64.47c0-35.549,28.921-64.471,64.471-64.471s64.473,28.921,64.473,64.471    C169.907,141.024,140.984,169.945,105.434,169.945z\"><\/path>\t<\/g><\/g><g>\t<g>\t\t<path d=\"M105.434,53.638c-28.581,0-51.834,23.253-51.834,51.837c0,28.584,23.252,51.84,51.834,51.84    c28.583,0,51.837-23.255,51.837-51.84C157.273,76.892,134.018,53.638,105.434,53.638z M105.434,150.565    c-24.859,0-45.084-20.227-45.084-45.09c0-24.861,20.224-45.087,45.084-45.087c24.861,0,45.087,20.225,45.087,45.087    C150.523,130.338,130.297,150.565,105.434,150.565z\"><\/path>\t<\/g><\/g><g>\t<g>\t\t<path d=\"M206.696,107.013c-0.004-1.687-0.059-18.491-0.555-35.09c-0.306-10.262-0.72-18.452-1.228-24.343    c-0.313-3.634-0.657-6.358-1.05-8.329c-0.342-1.716-1.143-5.735-4.625-5.735c-0.254,0-0.508,0.026-0.756,0.078    c-2.155,0.446-3.623,2.133-6.623,10.944c-1.863,5.475-3.91,12.644-5.764,20.19c-2.205,8.977-7.201,31.14-5.98,43.043    c0.801,7.811,4.332,9.45,7.154,9.45l0.164-0.002c1.332-0.034,2.391-0.052,3.235-0.052c0.976,0,1.583,0.021,2.286,0.047    c0.094,0.003,0.189,0.007,0.289,0.01c-0.236,5.541-1.171,13.22-2.081,20.689c-1.323,10.867-2.692,22.105-2.224,28.756    c0.559,7.945,5.936,10.764,10.371,10.764c3.125,0,6.317-1.332,8.537-3.562c2.014-2.024,3.114-4.656,3.101-7.41    C210.908,158.312,206.983,110.521,206.696,107.013z M203.064,169.109c-0.967,0.972-2.404,1.574-3.754,1.574    c-2.203,0-3.428-1.51-3.637-4.487c-0.422-6.004,0.906-16.914,2.191-27.467c1.186-9.734,2.305-18.93,2.178-24.896    c-0.039-1.836-1.539-3.303-3.374-3.303c-1.731,0-8.675,0.664-9.06-0.068c-1.062-1.741-2.277-10.688,3.021-35.346    c2.425-11.285,5.272-21.403,7.481-27.997c1.129,12.633,1.799,37.294,1.836,60.043c0,0.092,0.004,0.182,0.011,0.272    c0.042,0.509,4.201,51.041,4.242,59.064C204.204,167.467,203.822,168.347,203.064,169.109z\"><\/path>\t<\/g><\/g><g>\t<g>\t\t<path d=\"M36.723,70.209c0-2.134-0.068-5.211-0.154-9.106c-0.132-5.952-0.296-15.609-0.296-23.355c0-1.864-1.511-3.375-3.375-3.375    c-1.864,0-3.375,1.511-3.375,3.375c0,7.821,0.165,17.519,0.298,23.504c0.023,1.046,0.046,2.051,0.065,3.002l-3.472,0.051V38.878    c0-1.864-1.511-3.375-3.375-3.375c-1.864,0-3.375,1.511-3.375,3.375v25.527l-3.153,0.046V38.878c0-1.864-1.511-3.375-3.375-3.375    c-1.864,0-3.375,1.511-3.375,3.375V64.55L6.75,64.594V36.973c0-1.864-1.511-3.375-3.375-3.375S0,35.109,0,36.973v32.826    c0,8.19,6.004,13.786,15.58,14.887v19.335c-0.975,0.018-1.512,0.034-1.567,0.035c-1.633,0.048-2.998,1.258-3.239,2.874    c-1.598,10.676-5.008,44.079-4.729,57.748c0.173,8.444,5.758,12.224,11.216,12.224c5.808,0,12.269-4.297,12.581-11.24    c0.357-7.971-1.746-41.747-2.644-53.863c-0.163-2.206-0.285-3.849-0.342-4.694c-0.119-1.771-1.591-3.149-3.367-3.149    c-0.399,0-0.784,0-1.159,0.002V84.633C30.952,83.253,36.723,76.417,36.723,70.209z M23.099,165.358    c-0.129,2.867-3.122,4.792-5.837,4.792c-2.848,0-4.393-1.94-4.468-5.612c-0.236-11.584,2.46-41.023,4.249-53.792    c0.904-0.013,2.012-0.024,3.308-0.032c0.036,0.487,0.075,1.017,0.117,1.581C21.28,123.262,23.438,157.79,23.099,165.358z     M19.153,78.138c-2.702,0-11.078-0.523-12.259-6.795l22.997-0.338C29.285,74.159,25.233,78.138,19.153,78.138z\"><\/path>\t<\/g><\/g><g><\/g><g><\/g><g><\/g><g><\/g><g><\/g><g><\/g><g><\/g><g><\/g><g><\/g><g><\/g><g><\/g><g><\/g><g><\/g><g><\/g><g><\/g><\/svg>\t\t\t\t<\/span>\n\t\t\t<\/div>\n\t\t\t\n\t\t\t\t\t\t<div class=\"elementor-icon-box-content\">\n\n\t\t\t\t\t\t\t\t\t<h3 class=\"elementor-icon-box-title\">\n\t\t\t\t\t\t<span  >\n\t\t\t\t\t\t\tDagse\u00f0ill\t\t\t\t\t\t<\/span>\n\t\t\t\t\t<\/h3>\n\t\t\t\t\n\t\t\t\t\t\t\t\t\t<p class=\"elementor-icon-box-description\">\n\t\t\t\t\t\t<br>\nVetur: Loka\u00f0\t\t\t\t\t<\/p>\n\t\t\t\t\n\t\t\t<\/div>\n\t\t\t\n\t\t<\/div>\n\t\t\t\t\t\t<\/div>\n\t\t\t\t<\/div>\n\t\t\t\t\t<\/div>\n\t\t<\/div>\n\t\t\t\t<div class=\"elementor-column elementor-col-33 elementor-inner-column elementor-element elementor-element-2b42c9c\" data-id=\"2b42c9c\" data-element_type=\"column\" data-e-type=\"column\">\n\t\t\t<div class=\"elementor-widget-wrap elementor-element-populated\">\n\t\t\t\t\t\t<div class=\"elementor-element elementor-element-0988f5a elementor-view-default elementor-position-block-start elementor-mobile-position-block-start elementor-widget elementor-widget-icon-box\" data-id=\"0988f5a\" data-element_type=\"widget\" data-e-type=\"widget\" data-widget_type=\"icon-box.default\">\n\t\t\t\t<div class=\"elementor-widget-container\">\n\t\t\t\t\t\t\t<div class=\"elementor-icon-box-wrapper\">\n\n\t\t\t\t\t\t<div class=\"elementor-icon-box-icon\">\n\t\t\t\t<span  class=\"elementor-icon\">\n\t\t\t\t<svg xmlns=\"http:\/\/www.w3.org\/2000\/svg\" xmlns:xlink=\"http:\/\/www.w3.org\/1999\/xlink\" id=\"Capa_1\" x=\"0px\" y=\"0px\" viewBox=\"0 0 204.09 204.09\" style=\"enable-background:new 0 0 204.09 204.09;\" xml:space=\"preserve\"><g>\t<g>\t\t<path d=\"M151.037,52.201c4.873-6.212,5.724-14.037,2.463-22.629c-2.329-6.136-5.976-10.535-6.13-10.719    c-1.195-1.43-3.324-1.62-4.754-0.424c-1.43,1.195-1.619,3.32-0.428,4.75c0.164,0.199,11.729,14.412,3.537,24.856    c-11.796,15.041,0.781,34.878,1.322,35.715c0.646,0.999,1.731,1.543,2.838,1.543c0.628,0,1.263-0.175,1.829-0.541    c1.564-1.012,2.014-3.101,1.002-4.667C152.612,79.925,142.221,63.44,151.037,52.201z\"><\/path>\t<\/g><\/g><g>\t<g>\t\t<path d=\"M173.691,52.201c4.873-6.212,5.724-14.037,2.463-22.629c-2.33-6.136-5.977-10.535-6.131-10.719    c-1.194-1.43-3.324-1.62-4.754-0.424c-1.428,1.194-1.619,3.319-0.428,4.749c0.118,0.143,11.746,14.392,3.537,24.857    c-11.796,15.041,0.782,34.878,1.323,35.715c0.646,0.999,1.73,1.543,2.837,1.543c0.628,0,1.263-0.175,1.83-0.541    c1.565-1.012,2.014-3.101,1.002-4.667C175.267,79.925,164.875,63.44,173.691,52.201z\"><\/path>\t<\/g><\/g><g>\t<g>\t\t<path d=\"M31.972,53.765c4.873-6.212,5.724-14.037,2.463-22.629c-2.33-6.136-5.976-10.535-6.13-10.719    c-1.195-1.43-3.323-1.62-4.754-0.424c-1.428,1.194-1.619,3.319-0.428,4.749c0.119,0.143,11.746,14.392,3.538,24.857    c-11.798,15.041,0.78,34.877,1.322,35.715c0.646,0.999,1.73,1.543,2.837,1.543c0.628,0,1.263-0.175,1.829-0.541    c1.565-1.012,2.014-3.102,1.001-4.667C33.547,81.489,23.155,65.004,31.972,53.765z\"><\/path>\t<\/g><\/g><g>\t<g>\t\t<path d=\"M54.626,53.765c4.873-6.212,5.724-14.037,2.464-22.629c-2.329-6.136-5.976-10.535-6.13-10.719    c-1.195-1.43-3.323-1.62-4.754-0.424c-1.428,1.194-1.619,3.319-0.428,4.749c0.119,0.143,11.746,14.392,3.537,24.857    c-11.798,15.041,0.78,34.877,1.321,35.715c0.646,0.999,1.73,1.543,2.837,1.543c0.628,0,1.263-0.175,1.83-0.541    c1.565-1.012,2.014-3.102,1.001-4.667C56.201,81.489,45.809,65.004,54.626,53.765z\"><\/path>\t<\/g><\/g><g>\t<g>\t\t<path d=\"M192.886,159.814h-7.159c-1.681-42.103-34.652-76.291-76.241-79.901v-3.437c4.223-2.526,6.845-7.054,6.845-12.088    c0-7.792-6.341-14.132-14.133-14.132c-0.051,0-0.254,0-0.305,0c-7.793,0-14.133,6.34-14.133,14.132    c0,5.034,2.623,9.563,6.844,12.088v3.437c-41.588,3.61-74.56,37.797-76.241,79.901h-7.159C5.026,159.814,0,164.84,0,171.017v4.22    c0,6.182,5.026,11.21,11.203,11.21h181.684c6.178,0,11.203-5.028,11.203-11.21v-4.22    C204.089,164.84,199.063,159.814,192.886,159.814z M94.508,64.388c0-4.07,3.312-7.382,7.383-7.382c0.052,0,0.254,0,0.305,0    c4.071,0,7.383,3.312,7.383,7.382c0,3.043-1.846,5.735-4.703,6.856c-1.292,0.507-2.141,1.754-2.141,3.142v5.211h-1.383v-5.211    c0-1.388-0.85-2.634-2.141-3.142C96.354,70.122,94.508,67.431,94.508,64.388z M192.886,179.696H11.202    c-2.456,0-4.453-2.001-4.453-4.46v-4.22c0-2.455,1.998-4.452,4.453-4.452h5.549c0.031,0.001,0.06,0.005,0.091,0.005h121.202    c1.863,0,3.375-1.511,3.375-3.375c0-1.863-1.512-3.375-3.375-3.375H25.122c1.766-40.712,35.356-73.309,76.458-73.473h0.928    c41.103,0.164,74.691,32.76,76.458,73.473h-19.092c-1.864,0-3.375,1.512-3.375,3.375c0,1.864,1.511,3.375,3.375,3.375    l26.063-0.005h6.948c2.456,0,4.453,1.997,4.453,4.452v4.22h0.001C197.339,177.695,195.341,179.696,192.886,179.696z\"><\/path>\t<\/g><\/g><g><\/g><g><\/g><g><\/g><g><\/g><g><\/g><g><\/g><g><\/g><g><\/g><g><\/g><g><\/g><g><\/g><g><\/g><g><\/g><g><\/g><g><\/g><\/svg>\t\t\t\t<\/span>\n\t\t\t<\/div>\n\t\t\t\n\t\t\t\t\t\t<div class=\"elementor-icon-box-content\">\n\n\t\t\t\t\t\t\t\t\t<h3 class=\"elementor-icon-box-title\">\n\t\t\t\t\t\t<span  >\n\t\t\t\t\t\t\tKv\u00f6ldver\u00f0ur\t\t\t\t\t\t<\/span>\n\t\t\t\t\t<\/h3>\n\t\t\t\t\n\t\t\t\t\t\t\t\t\t<p class=\"elementor-icon-box-description\">\n\t\t\t\t\t\t<br>Vetur: Loka\u00f0\t\t\t\t\t<\/p>\n\t\t\t\t\n\t\t\t<\/div>\n\t\t\t\n\t\t<\/div>\n\t\t\t\t\t\t<\/div>\n\t\t\t\t<\/div>\n\t\t\t\t\t<\/div>\n\t\t<\/div>\n\t\t\t\t<div class=\"elementor-column elementor-col-33 elementor-inner-column elementor-element elementor-element-0738704\" data-id=\"0738704\" data-element_type=\"column\" data-e-type=\"column\">\n\t\t\t<div class=\"elementor-widget-wrap elementor-element-populated\">\n\t\t\t\t\t\t<div class=\"elementor-element elementor-element-3752e07 elementor-view-default elementor-position-block-start elementor-mobile-position-block-start elementor-widget elementor-widget-icon-box\" data-id=\"3752e07\" data-element_type=\"widget\" data-e-type=\"widget\" data-widget_type=\"icon-box.default\">\n\t\t\t\t<div class=\"elementor-widget-container\">\n\t\t\t\t\t\t\t<div class=\"elementor-icon-box-wrapper\">\n\n\t\t\t\t\t\t<div class=\"elementor-icon-box-icon\">\n\t\t\t\t<span  class=\"elementor-icon\">\n\t\t\t\t<svg xmlns=\"http:\/\/www.w3.org\/2000\/svg\" xmlns:xlink=\"http:\/\/www.w3.org\/1999\/xlink\" id=\"Capa_1\" x=\"0px\" y=\"0px\" viewBox=\"0 0 473.67 473.67\" style=\"enable-background:new 0 0 473.67 473.67;\" xml:space=\"preserve\"><g>\t<g>\t\t<path d=\"M433.294,344.171c23.247-3.74,40.349-23.79,40.376-47.336v-48c0-4.418-3.582-8-8-8H241.534c-4.418,0-8,3.582-8,8v72    H217.67v-192c0.002-1.081-0.219-2.151-0.648-3.144L193.67,71.235v-38.4c0-4.418-3.582-8-8-8h-144c-4.418,0-8,3.582-8,8v38.4    l-23.352,54.48c-0.426,0.985-0.646,2.047-0.648,3.12v274.824c-10.984,8.626-12.895,24.523-4.269,35.507    c4.802,6.115,12.15,9.681,19.925,9.669H417.67c3.047,0.017,5.838-1.699,7.2-4.424l13.744-27.576h35.056v-16h-72.296    C419.558,387.319,431.158,366.727,433.294,344.171z M433.67,256.835h24v40c-0.055,14.547-9.914,27.227-24,30.864V256.835z     M197.542,120.835h-23.744l11.872-27.688L197.542,120.835z M201.67,136.835v184h-32v-184H201.67z M49.67,40.835h128v24h-128    V40.835z M46.942,80.835h126.6l-17.144,40h-126.6L46.942,80.835z M25.67,136.835h128v184h-17    c-7.313-0.002-14.269,3.157-19.08,8.664c-2.048,2.393-3.628,5.15-4.656,8.128l-38.928,11.12    c-9.907,2.909-17.071,11.521-18.128,21.792L25.67,392.115V136.835z M25.326,432.835c-4.025,0.005-7.597-2.577-8.856-6.4    c-1.313-3.888,0.079-8.176,3.424-10.552l38.312-27.368l8.864,44.32H25.326z M83.382,432.835l-11.576-57.904    c-0.926-4.765,1.932-9.45,6.592-10.808l33.824-9.664l10.608,78.376H83.382z M138.982,432.835l-11.568-85.432    c-0.68-5.111,2.911-9.806,8.022-10.486c0.409-0.054,0.821-0.082,1.234-0.082h96.872c0.068,25.231,12.035,48.952,32.288,64h-64.16    v16h35.056l8,16H138.982z M420.726,416.835l-8,16H262.614l-8-16H420.726z M353.534,400.835H313.67    c-35.403-0.044-64.092-28.733-64.136-64.136v-79.864H417.67v79.864C417.631,372.104,388.939,400.795,353.534,400.835z\"><\/path>\t<\/g><\/g><g>\t<g>\t\t<path d=\"M321.534,368.835c-22.08-0.026-39.974-17.92-40-40v-8h-16v8c0.04,30.911,25.089,55.96,56,56h8v-16H321.534z\"><\/path>\t<\/g><\/g><g>\t<g>\t\t<rect x=\"265.534\" y=\"288.835\" width=\"16\" height=\"16\"><\/rect>\t<\/g><\/g><g>\t<g>\t\t<path d=\"M421.67,144.835h-96c-6.627,0-12-5.373-12-12c0-6.627,5.373-12,12-12h36c22.08-0.026,39.974-17.92,40-40h-16    c0,13.255-10.745,24-24,24h-36c-15.464,0-28,12.536-28,28s12.536,28,28,28h96c6.627,0,12,5.373,12,12c0,6.627-5.373,12-12,12h-116    c-22.08,0.026-39.974,17.92-40,40h16c0-13.255,10.745-24,24-24h116c15.464,0,28-12.536,28-28S437.134,144.835,421.67,144.835z\"><\/path>\t<\/g><\/g><g>\t<g>\t\t<path d=\"M89.67,176.835c-17.673,0-32,14.327-32,32s14.327,32,32,32s32-14.327,32-32S107.343,176.835,89.67,176.835z     M89.67,224.835c-8.837,0-16-7.163-16-16s7.163-16,16-16s16,7.163,16,16S98.507,224.835,89.67,224.835z\"><\/path>\t<\/g><\/g><g>\t<g>\t\t<rect x=\"57.67\" y=\"256.835\" width=\"64\" height=\"16\"><\/rect>\t<\/g><\/g><g>\t<g>\t\t<rect x=\"57.67\" y=\"288.835\" width=\"64\" height=\"16\"><\/rect>\t<\/g><\/g><g><\/g><g><\/g><g><\/g><g><\/g><g><\/g><g><\/g><g><\/g><g><\/g><g><\/g><g><\/g><g><\/g><g><\/g><g><\/g><g><\/g><g><\/g><\/svg>\t\t\t\t<\/span>\n\t\t\t<\/div>\n\t\t\t\n\t\t\t\t\t\t<div class=\"elementor-icon-box-content\">\n\n\t\t\t\t\t\t\t\t\t<h3 class=\"elementor-icon-box-title\">\n\t\t\t\t\t\t<span  >\n\t\t\t\t\t\t\tS\u00e6lg\u00e6ti \u00far sveitinni\t\t\t\t\t\t<\/span>\n\t\t\t\t\t<\/h3>\n\t\t\t\t\n\t\t\t\t\t\t\t\t\t<p class=\"elementor-icon-box-description\">\n\t\t\t\t\t\t7:00 - 10:00<br>Vetur: 7:30 - 9:30\t\t\t\t\t<\/p>\n\t\t\t\t\n\t\t\t<\/div>\n\t\t\t\n\t\t<\/div>\n\t\t\t\t\t\t<\/div>\n\t\t\t\t<\/div>\n\t\t\t\t\t<\/div>\n\t\t<\/div>\n\t\t\t\t\t<\/div>\n\t\t<\/section>\n\t\t\t\t<section class=\"elementor-section elementor-inner-section elementor-element elementor-element-288b046c elementor-section-boxed elementor-section-height-default elementor-section-height-default\" data-id=\"288b046c\" data-element_type=\"section\" data-e-type=\"section\">\n\t\t\t\t\t\t<div class=\"elementor-container elementor-column-gap-default\">\n\t\t\t\t\t<div class=\"elementor-column elementor-col-50 elementor-inner-column elementor-element elementor-element-221c6e38\" data-id=\"221c6e38\" data-element_type=\"column\" data-e-type=\"column\" data-settings=\"{&quot;background_background&quot;:&quot;classic&quot;}\">\n\t\t\t<div class=\"elementor-widget-wrap elementor-element-populated\">\n\t\t\t\t\t\t<div class=\"elementor-element elementor-element-66a9751 elementor-widget elementor-widget-spacer\" data-id=\"66a9751\" data-element_type=\"widget\" data-e-type=\"widget\" data-widget_type=\"spacer.default\">\n\t\t\t\t<div class=\"elementor-widget-container\">\n\t\t\t\t\t\t\t<div class=\"elementor-spacer\">\n\t\t\t<div class=\"elementor-spacer-inner\"><\/div>\n\t\t<\/div>\n\t\t\t\t\t\t<\/div>\n\t\t\t\t<\/div>\n\t\t\t\t\t<\/div>\n\t\t<\/div>\n\t\t\t\t<div class=\"elementor-column elementor-col-50 elementor-inner-column elementor-element elementor-element-f73a35b\" data-id=\"f73a35b\" data-element_type=\"column\" data-e-type=\"column\" data-settings=\"{&quot;background_background&quot;:&quot;classic&quot;}\">\n\t\t\t<div class=\"elementor-widget-wrap elementor-element-populated\">\n\t\t\t\t\t\t<div class=\"elementor-element elementor-element-5bca1cd2 elementor-widget elementor-widget-heading\" data-id=\"5bca1cd2\" data-element_type=\"widget\" data-e-type=\"widget\" data-widget_type=\"heading.default\">\n\t\t\t\t<div class=\"elementor-widget-container\">\n\t\t\t\t\t<h2 class=\"elementor-heading-title elementor-size-default\">Dagse\u00f0ill<\/h2>\t\t\t\t<\/div>\n\t\t\t\t<\/div>\n\t\t\t\t\t<\/div>\n\t\t<\/div>\n\t\t\t\t\t<\/div>\n\t\t<\/section>\n\t\t\t\t<section class=\"elementor-section elementor-inner-section elementor-element elementor-element-1aacfe0a elementor-section-boxed elementor-section-height-default elementor-section-height-default\" data-id=\"1aacfe0a\" data-element_type=\"section\" data-e-type=\"section\">\n\t\t\t\t\t\t<div class=\"elementor-container elementor-column-gap-default\">\n\t\t\t\t\t<div class=\"elementor-column elementor-col-50 elementor-inner-column elementor-element elementor-element-67900c97\" data-id=\"67900c97\" data-element_type=\"column\" data-e-type=\"column\" data-settings=\"{&quot;background_background&quot;:&quot;classic&quot;}\">\n\t\t\t<div class=\"elementor-widget-wrap elementor-element-populated\">\n\t\t\t\t\t\t<div class=\"elementor-element elementor-element-6b9449c3 elementor-widget elementor-widget-heading\" data-id=\"6b9449c3\" data-element_type=\"widget\" data-e-type=\"widget\" data-widget_type=\"heading.default\">\n\t\t\t\t<div class=\"elementor-widget-container\">\n\t\t\t\t\t<h2 class=\"elementor-heading-title elementor-size-default\">Kv\u00f6ldver\u00f0ur<\/h2>\t\t\t\t<\/div>\n\t\t\t\t<\/div>\n\t\t\t\t\t<\/div>\n\t\t<\/div>\n\t\t\t\t<div class=\"elementor-column elementor-col-50 elementor-inner-column elementor-element elementor-element-287f77e\" data-id=\"287f77e\" data-element_type=\"column\" data-e-type=\"column\" data-settings=\"{&quot;background_background&quot;:&quot;classic&quot;}\">\n\t\t\t<div class=\"elementor-widget-wrap elementor-element-populated\">\n\t\t\t\t\t\t<div class=\"elementor-element elementor-element-9b1715e elementor-widget elementor-widget-spacer\" data-id=\"9b1715e\" data-element_type=\"widget\" data-e-type=\"widget\" data-widget_type=\"spacer.default\">\n\t\t\t\t<div class=\"elementor-widget-container\">\n\t\t\t\t\t\t\t<div class=\"elementor-spacer\">\n\t\t\t<div class=\"elementor-spacer-inner\"><\/div>\n\t\t<\/div>\n\t\t\t\t\t\t<\/div>\n\t\t\t\t<\/div>\n\t\t\t\t\t<\/div>\n\t\t<\/div>\n\t\t\t\t\t<\/div>\n\t\t<\/section>\n\t\t\t\t<section class=\"elementor-section elementor-inner-section elementor-element elementor-element-5255d589 elementor-section-boxed elementor-section-height-default elementor-section-height-default\" data-id=\"5255d589\" data-element_type=\"section\" data-e-type=\"section\">\n\t\t\t\t\t\t<div class=\"elementor-container elementor-column-gap-default\">\n\t\t\t\t\t<div class=\"elementor-column elementor-col-50 elementor-inner-column elementor-element elementor-element-14b9659a\" data-id=\"14b9659a\" data-element_type=\"column\" data-e-type=\"column\" data-settings=\"{&quot;background_background&quot;:&quot;classic&quot;}\">\n\t\t\t<div class=\"elementor-widget-wrap elementor-element-populated\">\n\t\t\t\t\t\t<div class=\"elementor-element elementor-element-6d9743d elementor-widget elementor-widget-spacer\" data-id=\"6d9743d\" data-element_type=\"widget\" data-e-type=\"widget\" data-widget_type=\"spacer.default\">\n\t\t\t\t<div class=\"elementor-widget-container\">\n\t\t\t\t\t\t\t<div class=\"elementor-spacer\">\n\t\t\t<div class=\"elementor-spacer-inner\"><\/div>\n\t\t<\/div>\n\t\t\t\t\t\t<\/div>\n\t\t\t\t<\/div>\n\t\t\t\t\t<\/div>\n\t\t<\/div>\n\t\t\t\t<div class=\"elementor-column elementor-col-50 elementor-inner-column elementor-element elementor-element-10b228c7\" data-id=\"10b228c7\" data-element_type=\"column\" data-e-type=\"column\" data-settings=\"{&quot;background_background&quot;:&quot;classic&quot;}\">\n\t\t\t<div class=\"elementor-widget-wrap elementor-element-populated\">\n\t\t\t\t\t\t<div class=\"elementor-element elementor-element-56a7692c elementor-widget elementor-widget-heading\" data-id=\"56a7692c\" data-element_type=\"widget\" data-e-type=\"widget\" data-widget_type=\"heading.default\">\n\t\t\t\t<div class=\"elementor-widget-container\">\n\t\t\t\t\t<h2 class=\"elementor-heading-title elementor-size-default\">Local delecacy<\/h2>\t\t\t\t<\/div>\n\t\t\t\t<\/div>\n\t\t\t\t<div class=\"elementor-element elementor-element-1bbd8b26 elementor-widget elementor-widget-heading\" data-id=\"1bbd8b26\" data-element_type=\"widget\" data-e-type=\"widget\" data-widget_type=\"heading.default\">\n\t\t\t\t<div class=\"elementor-widget-container\">\n\t\t\t\t\t<h2 class=\"elementor-heading-title elementor-size-default\">J\u00f6kla\u00eds \u2013 mismunandi \u00fatf\u00e6rslur<br><br><\/h2>\t\t\t\t<\/div>\n\t\t\t\t<\/div>\n\t\t\t\t\t<\/div>\n\t\t<\/div>\n\t\t\t\t\t<\/div>\n\t\t<\/section>\n\t\t\t\t\t<\/div>\n\t\t<\/div>\n\t\t\t\t\t<\/div>\n\t\t<\/section>\n\t\t\t\t<\/div>\n\t\t","protected":false},"excerpt":{"rendered":"<p>Brunnh\u00f3ll Veitingar S\u00e6ti fyrir 60 manns Dagse\u00f0ill Vetur: Loka\u00f0 Kv\u00f6ldver\u00f0ur Vetur: Loka\u00f0 S\u00e6lg\u00e6ti \u00far sveitinni 7:00 &#8211; 10:00Vetur: 7:30 &#8211; 9:30 Dagse\u00f0ill Kv\u00f6ldver\u00f0ur Local delecacy J\u00f6kla\u00eds \u2013 mismunandi \u00fatf\u00e6rslur<\/p>\n","protected":false},"author":1,"featured_media":0,"parent":0,"menu_order":0,"comment_status":"closed","ping_status":"closed","template":"","meta":{"footnotes":""},"class_list":["post-785","page","type-page","status-publish","hentry"],"_links":{"self":[{"href":"https:\/\/brunnholl.is\/is\/wp-json\/wp\/v2\/pages\/785","targetHints":{"allow":["GET"]}}],"collection":[{"href":"https:\/\/brunnholl.is\/is\/wp-json\/wp\/v2\/pages"}],"about":[{"href":"https:\/\/brunnholl.is\/is\/wp-json\/wp\/v2\/types\/page"}],"author":[{"embeddable":true,"href":"https:\/\/brunnholl.is\/is\/wp-json\/wp\/v2\/users\/1"}],"replies":[{"embeddable":true,"href":"https:\/\/brunnholl.is\/is\/wp-json\/wp\/v2\/comments?post=785"}],"version-history":[{"count":12,"href":"https:\/\/brunnholl.is\/is\/wp-json\/wp\/v2\/pages\/785\/revisions"}],"predecessor-version":[{"id":1633,"href":"https:\/\/brunnholl.is\/is\/wp-json\/wp\/v2\/pages\/785\/revisions\/1633"}],"wp:attachment":[{"href":"https:\/\/brunnholl.is\/is\/wp-json\/wp\/v2\/media?parent=785"}],"curies":[{"name":"wp","href":"https:\/\/api.w.org\/{rel}","templated":true}]}}