{"id":789,"date":"2020-05-08T09:55:52","date_gmt":"2020-05-08T09:55:52","guid":{"rendered":"https:\/\/brunnholl.is\/joklais\/"},"modified":"2020-05-20T17:29:19","modified_gmt":"2020-05-20T17:29:19","slug":"joklais","status":"publish","type":"page","link":"https:\/\/brunnholl.is\/is\/joklais\/","title":{"rendered":"J\u00f6kla\u00eds"},"content":{"rendered":"\t\t<div data-elementor-type=\"wp-page\" data-elementor-id=\"789\" class=\"elementor elementor-789 elementor-357\" data-elementor-post-type=\"page\">\n\t\t\t\t\t\t<section class=\"elementor-section elementor-top-section elementor-element elementor-element-37a986b6 elementor-section-height-full elementor-section-boxed elementor-section-height-default elementor-section-items-middle\" data-id=\"37a986b6\" data-element_type=\"section\" data-e-type=\"section\" data-settings=\"{&quot;background_background&quot;:&quot;classic&quot;}\">\n\t\t\t\t\t\t\t<div class=\"elementor-background-overlay\"><\/div>\n\t\t\t\t\t\t\t<div class=\"elementor-container elementor-column-gap-default\">\n\t\t\t\t\t<div class=\"elementor-column elementor-col-100 elementor-top-column elementor-element elementor-element-21eb91d9\" data-id=\"21eb91d9\" data-element_type=\"column\" data-e-type=\"column\" data-settings=\"{&quot;background_background&quot;:&quot;classic&quot;}\">\n\t\t\t<div class=\"elementor-widget-wrap\">\n\t\t\t\t\t\t\t<\/div>\n\t\t<\/div>\n\t\t\t\t\t<\/div>\n\t\t<\/section>\n\t\t\t\t<section class=\"elementor-section elementor-top-section elementor-element elementor-element-2b3a138c elementor-section-boxed elementor-section-height-default elementor-section-height-default\" data-id=\"2b3a138c\" data-element_type=\"section\" data-e-type=\"section\" data-settings=\"{&quot;background_background&quot;:&quot;classic&quot;}\">\n\t\t\t\t\t\t<div class=\"elementor-container elementor-column-gap-default\">\n\t\t\t\t\t<div class=\"elementor-column elementor-col-100 elementor-top-column elementor-element elementor-element-3fa3b76d\" data-id=\"3fa3b76d\" data-element_type=\"column\" data-e-type=\"column\">\n\t\t\t<div class=\"elementor-widget-wrap elementor-element-populated\">\n\t\t\t\t\t\t<div class=\"elementor-element elementor-element-4bb1d252 elementor-widget elementor-widget-heading\" data-id=\"4bb1d252\" data-element_type=\"widget\" data-e-type=\"widget\" data-widget_type=\"heading.default\">\n\t\t\t\t<div class=\"elementor-widget-container\">\n\t\t\t\t\t<h2 class=\"elementor-heading-title elementor-size-default\">Dekra\u00f0u vi\u00f0 sj\u00e1lfan \u00feig - \u00fe\u00fa \u00e1tt \u00fea\u00f0 skili\u00f0<\/h2>\t\t\t\t<\/div>\n\t\t\t\t<\/div>\n\t\t\t\t\t<\/div>\n\t\t<\/div>\n\t\t\t\t\t<\/div>\n\t\t<\/section>\n\t\t\t\t<section class=\"elementor-section elementor-top-section elementor-element elementor-element-7b2cfb88 elementor-section-height-full elementor-section-boxed elementor-section-height-default elementor-section-items-middle\" data-id=\"7b2cfb88\" data-element_type=\"section\" data-e-type=\"section\" data-settings=\"{&quot;background_background&quot;:&quot;classic&quot;}\">\n\t\t\t\t\t\t<div class=\"elementor-container elementor-column-gap-default\">\n\t\t\t\t\t<div class=\"elementor-column elementor-col-100 elementor-top-column elementor-element elementor-element-658caae4\" data-id=\"658caae4\" data-element_type=\"column\" data-e-type=\"column\">\n\t\t\t<div class=\"elementor-widget-wrap\">\n\t\t\t\t\t\t\t<\/div>\n\t\t<\/div>\n\t\t\t\t\t<\/div>\n\t\t<\/section>\n\t\t\t\t<section class=\"elementor-section elementor-top-section elementor-element elementor-element-4be5337 elementor-section-boxed elementor-section-height-default elementor-section-height-default\" data-id=\"4be5337\" data-element_type=\"section\" data-e-type=\"section\" data-settings=\"{&quot;background_background&quot;:&quot;classic&quot;}\">\n\t\t\t\t\t\t<div class=\"elementor-container elementor-column-gap-default\">\n\t\t\t\t\t<div class=\"elementor-column elementor-col-100 elementor-top-column elementor-element elementor-element-8e9cf71\" data-id=\"8e9cf71\" data-element_type=\"column\" data-e-type=\"column\">\n\t\t\t<div class=\"elementor-widget-wrap elementor-element-populated\">\n\t\t\t\t\t\t<section class=\"elementor-section elementor-inner-section elementor-element elementor-element-4d1da794 elementor-section-boxed elementor-section-height-default elementor-section-height-default\" data-id=\"4d1da794\" data-element_type=\"section\" data-e-type=\"section\">\n\t\t\t\t\t\t<div class=\"elementor-container elementor-column-gap-default\">\n\t\t\t\t\t<div class=\"elementor-column elementor-col-100 elementor-inner-column elementor-element elementor-element-3d3ae8f7\" data-id=\"3d3ae8f7\" data-element_type=\"column\" data-e-type=\"column\">\n\t\t\t<div class=\"elementor-widget-wrap elementor-element-populated\">\n\t\t\t\t\t\t<div class=\"elementor-element elementor-element-1fb6a602 elementor-widget elementor-widget-heading\" data-id=\"1fb6a602\" data-element_type=\"widget\" data-e-type=\"widget\" data-widget_type=\"heading.default\">\n\t\t\t\t<div class=\"elementor-widget-container\">\n\t\t\t\t\t<h2 class=\"elementor-heading-title elementor-size-default\">S\u00e6lg\u00e6ti \u00far sveitinni<\/h2>\t\t\t\t<\/div>\n\t\t\t\t<\/div>\n\t\t\t\t\t<\/div>\n\t\t<\/div>\n\t\t\t\t\t<\/div>\n\t\t<\/section>\n\t\t\t\t<section class=\"elementor-section elementor-inner-section elementor-element elementor-element-30f530ea elementor-section-boxed elementor-section-height-default elementor-section-height-default\" data-id=\"30f530ea\" data-element_type=\"section\" data-e-type=\"section\">\n\t\t\t\t\t\t<div class=\"elementor-container elementor-column-gap-default\">\n\t\t\t\t\t<div class=\"elementor-column elementor-col-50 elementor-inner-column elementor-element elementor-element-1ce5bc80\" data-id=\"1ce5bc80\" data-element_type=\"column\" data-e-type=\"column\">\n\t\t\t<div class=\"elementor-widget-wrap elementor-element-populated\">\n\t\t\t\t\t\t<div class=\"elementor-element elementor-element-1be36068 elementor-widget elementor-widget-heading\" data-id=\"1be36068\" data-element_type=\"widget\" data-e-type=\"widget\" data-widget_type=\"heading.default\">\n\t\t\t\t<div class=\"elementor-widget-container\">\n\t\t\t\t\t<h2 class=\"elementor-heading-title elementor-size-default\">\u00c1ri\u00f0 2007 h\u00f3fst framlei\u00f0sla \u00e1 J\u00f6kla\u00eds.  Rj\u00f3ma\u00edsinn er framleiddur \u00far mj\u00f3lk fr\u00e1 n\u00e1grannab\u00fdlinu \u00c1rb\u00e6, \u00fear sem sonur okkar og tengdad\u00f3ttir stunda nautgripar\u00e6kt, einkum  mj\u00f3lkurframlei\u00f0su en einnig ala \u00feau nautgripi til kj\u00f6tframlei\u00f0slu. \u00deannig  hj\u00e1lpast kynsl\u00f3\u00f0irnar a\u00f0 og sty\u00f0ja hvor a\u00f0ra.<br><br> Brunnh\u00f3ll er fj\u00f6lskylduv\u00e6nt gistiheimili \u00e1 Su\u00f0austurlandi, \u00ed r\u00edki Vatnaj\u00f6kuls og \u00e1hersla er l\u00f6g\u00f0 vi\u00f0 pers\u00f3nulega \u00fej\u00f3nustu og umhverfism\u00e1l. #joklais  \"brunnholl   #sveit <br><br>Me\u00f0 stolti bj\u00f3\u00f0um vi\u00f0 fer\u00f0al\u00f6ngum upp \u00e1 vanda\u00f0an rj\u00f3ma\u00eds \u00ed bj\u00f6rtum veitingasal me\u00f0 einstakt \u00fats\u00fdni til Vatnaj\u00f6kuls og Vestrahorns.  Vi\u00f0 veitum gestum okkar f\u00faslega allar uppl\u00fdsingar um \u00e1hugaver\u00f0a sta\u00f0i og af\u00fereyingu \u00ed n\u00e1grenninu og daglegt l\u00edf til sveita.<br>#heyiceland  #visitvatnaokull  # southeasticeland  #vatnajokulsthjodgardur <\/h2>\t\t\t\t<\/div>\n\t\t\t\t<\/div>\n\t\t\t\t\t<\/div>\n\t\t<\/div>\n\t\t\t\t<div class=\"elementor-column elementor-col-50 elementor-inner-column elementor-element elementor-element-5fdfb6d0\" data-id=\"5fdfb6d0\" data-element_type=\"column\" data-e-type=\"column\">\n\t\t\t<div class=\"elementor-widget-wrap elementor-element-populated\">\n\t\t\t\t\t\t<div class=\"elementor-element elementor-element-44703454 elementor-widget elementor-widget-image\" data-id=\"44703454\" data-element_type=\"widget\" data-e-type=\"widget\" data-widget_type=\"image.default\">\n\t\t\t\t<div class=\"elementor-widget-container\">\n\t\t\t\t\t\t\t\t\t\t\t\t\t\t\t<img fetchpriority=\"high\" decoding=\"async\" width=\"350\" height=\"350\" src=\"https:\/\/brunnholl.is\/wp-content\/uploads\/2019\/11\/Joklais-1.png\" class=\"attachment-large size-large wp-image-905\" alt=\"\" srcset=\"https:\/\/brunnholl.is\/wp-content\/uploads\/2019\/11\/Joklais-1.png 350w, https:\/\/brunnholl.is\/wp-content\/uploads\/2019\/11\/Joklais-1-150x150.png 150w, https:\/\/brunnholl.is\/wp-content\/uploads\/2019\/11\/Joklais-1-300x300.png 300w\" sizes=\"(max-width: 350px) 100vw, 350px\" \/>\t\t\t\t\t\t\t\t\t\t\t\t\t\t\t<\/div>\n\t\t\t\t<\/div>\n\t\t\t\t\t<\/div>\n\t\t<\/div>\n\t\t\t\t\t<\/div>\n\t\t<\/section>\n\t\t\t\t\t<\/div>\n\t\t<\/div>\n\t\t\t\t\t<\/div>\n\t\t<\/section>\n\t\t\t\t<section class=\"elementor-section elementor-top-section elementor-element elementor-element-1358d43f elementor-section-boxed elementor-section-height-default elementor-section-height-default\" data-id=\"1358d43f\" data-element_type=\"section\" data-e-type=\"section\" data-settings=\"{&quot;background_background&quot;:&quot;classic&quot;}\">\n\t\t\t\t\t\t<div class=\"elementor-container elementor-column-gap-default\">\n\t\t\t\t\t<div class=\"elementor-column elementor-col-100 elementor-top-column elementor-element elementor-element-665c9957\" data-id=\"665c9957\" data-element_type=\"column\" data-e-type=\"column\">\n\t\t\t<div class=\"elementor-widget-wrap elementor-element-populated\">\n\t\t\t\t\t\t<section class=\"elementor-section elementor-inner-section elementor-element elementor-element-46356b74 elementor-section-boxed elementor-section-height-default elementor-section-height-default\" data-id=\"46356b74\" data-element_type=\"section\" data-e-type=\"section\">\n\t\t\t\t\t\t<div class=\"elementor-container elementor-column-gap-default\">\n\t\t\t\t\t<div class=\"elementor-column elementor-col-100 elementor-inner-column elementor-element elementor-element-1d078507\" data-id=\"1d078507\" data-element_type=\"column\" data-e-type=\"column\">\n\t\t\t<div class=\"elementor-widget-wrap elementor-element-populated\">\n\t\t\t\t\t\t<div class=\"elementor-element elementor-element-554605f0 elementor-widget elementor-widget-heading\" data-id=\"554605f0\" data-element_type=\"widget\" data-e-type=\"widget\" data-widget_type=\"heading.default\">\n\t\t\t\t<div class=\"elementor-widget-container\">\n\t\t\t\t\t<h2 class=\"elementor-heading-title elementor-size-default\">Fj\u00f6lbreyttar brag\u00f0tegundir, sem d\u00e6mi:\n<\/h2>\t\t\t\t<\/div>\n\t\t\t\t<\/div>\n\t\t\t\t\t<\/div>\n\t\t<\/div>\n\t\t\t\t\t<\/div>\n\t\t<\/section>\n\t\t\t\t<section class=\"elementor-section elementor-inner-section elementor-element elementor-element-2de8a0b2 elementor-section-boxed elementor-section-height-default elementor-section-height-default\" data-id=\"2de8a0b2\" data-element_type=\"section\" data-e-type=\"section\">\n\t\t\t\t\t\t<div class=\"elementor-container elementor-column-gap-default\">\n\t\t\t\t\t<div class=\"elementor-column elementor-col-25 elementor-inner-column elementor-element elementor-element-11c532f5\" data-id=\"11c532f5\" data-element_type=\"column\" data-e-type=\"column\">\n\t\t\t<div class=\"elementor-widget-wrap elementor-element-populated\">\n\t\t\t\t\t\t<div class=\"elementor-element elementor-element-0434b87 elementor-widget elementor-widget-image\" data-id=\"0434b87\" data-element_type=\"widget\" data-e-type=\"widget\" data-widget_type=\"image.default\">\n\t\t\t\t<div class=\"elementor-widget-container\">\n\t\t\t\t\t\t\t\t\t\t\t\t\t\t\t<img decoding=\"async\" width=\"195\" height=\"195\" src=\"https:\/\/brunnholl.is\/wp-content\/uploads\/2019\/11\/Screen-shot-2013-06-07-at-12.13.34-PM-195x195.png\" class=\"attachment-large size-large wp-image-908\" alt=\"\" srcset=\"https:\/\/brunnholl.is\/wp-content\/uploads\/2019\/11\/Screen-shot-2013-06-07-at-12.13.34-PM-195x195.png 195w, https:\/\/brunnholl.is\/wp-content\/uploads\/2019\/11\/Screen-shot-2013-06-07-at-12.13.34-PM-195x195-150x150.png 150w\" sizes=\"(max-width: 195px) 100vw, 195px\" \/>\t\t\t\t\t\t\t\t\t\t\t\t\t\t\t<\/div>\n\t\t\t\t<\/div>\n\t\t\t\t<div class=\"elementor-element elementor-element-0b24931 elementor-widget elementor-widget-heading\" data-id=\"0b24931\" data-element_type=\"widget\" data-e-type=\"widget\" data-widget_type=\"heading.default\">\n\t\t\t\t<div class=\"elementor-widget-container\">\n\t\t\t\t\t<h2 class=\"elementor-heading-title elementor-size-default\">Berja krap\u00eds\n<\/h2>\t\t\t\t<\/div>\n\t\t\t\t<\/div>\n\t\t\t\t\t<\/div>\n\t\t<\/div>\n\t\t\t\t<div class=\"elementor-column elementor-col-25 elementor-inner-column elementor-element elementor-element-500aa31\" data-id=\"500aa31\" data-element_type=\"column\" data-e-type=\"column\">\n\t\t\t<div class=\"elementor-widget-wrap elementor-element-populated\">\n\t\t\t\t\t\t<div class=\"elementor-element elementor-element-adc4bc2 elementor-widget elementor-widget-image\" data-id=\"adc4bc2\" data-element_type=\"widget\" data-e-type=\"widget\" data-widget_type=\"image.default\">\n\t\t\t\t<div class=\"elementor-widget-container\">\n\t\t\t\t\t\t\t\t\t\t\t\t\t\t\t<img decoding=\"async\" width=\"195\" height=\"195\" src=\"https:\/\/brunnholl.is\/wp-content\/uploads\/2019\/11\/Screen-shot-2013-06-07-at-12.15.48-PM-195x195.png\" class=\"attachment-large size-large wp-image-909\" alt=\"\" srcset=\"https:\/\/brunnholl.is\/wp-content\/uploads\/2019\/11\/Screen-shot-2013-06-07-at-12.15.48-PM-195x195.png 195w, https:\/\/brunnholl.is\/wp-content\/uploads\/2019\/11\/Screen-shot-2013-06-07-at-12.15.48-PM-195x195-150x150.png 150w\" sizes=\"(max-width: 195px) 100vw, 195px\" \/>\t\t\t\t\t\t\t\t\t\t\t\t\t\t\t<\/div>\n\t\t\t\t<\/div>\n\t\t\t\t<div class=\"elementor-element elementor-element-31c7e79 elementor-widget elementor-widget-heading\" data-id=\"31c7e79\" data-element_type=\"widget\" data-e-type=\"widget\" data-widget_type=\"heading.default\">\n\t\t\t\t<div class=\"elementor-widget-container\">\n\t\t\t\t\t<h2 class=\"elementor-heading-title elementor-size-default\">Piparmintu rj\u00f3ma\u00eds\n<\/h2>\t\t\t\t<\/div>\n\t\t\t\t<\/div>\n\t\t\t\t\t<\/div>\n\t\t<\/div>\n\t\t\t\t<div class=\"elementor-column elementor-col-25 elementor-inner-column elementor-element elementor-element-88be013\" data-id=\"88be013\" data-element_type=\"column\" data-e-type=\"column\">\n\t\t\t<div class=\"elementor-widget-wrap elementor-element-populated\">\n\t\t\t\t\t\t<div class=\"elementor-element elementor-element-028b324 elementor-widget elementor-widget-image\" data-id=\"028b324\" data-element_type=\"widget\" data-e-type=\"widget\" data-widget_type=\"image.default\">\n\t\t\t\t<div class=\"elementor-widget-container\">\n\t\t\t\t\t\t\t\t\t\t\t\t\t\t\t<img loading=\"lazy\" decoding=\"async\" width=\"195\" height=\"195\" src=\"https:\/\/brunnholl.is\/wp-content\/uploads\/2019\/11\/Screen-shot-2013-06-07-at-12.14.27-PM-195x195.png\" class=\"attachment-large size-large wp-image-907\" alt=\"\" srcset=\"https:\/\/brunnholl.is\/wp-content\/uploads\/2019\/11\/Screen-shot-2013-06-07-at-12.14.27-PM-195x195.png 195w, https:\/\/brunnholl.is\/wp-content\/uploads\/2019\/11\/Screen-shot-2013-06-07-at-12.14.27-PM-195x195-150x150.png 150w\" sizes=\"(max-width: 195px) 100vw, 195px\" \/>\t\t\t\t\t\t\t\t\t\t\t\t\t\t\t<\/div>\n\t\t\t\t<\/div>\n\t\t\t\t<div class=\"elementor-element elementor-element-3381a01 elementor-widget elementor-widget-heading\" data-id=\"3381a01\" data-element_type=\"widget\" data-e-type=\"widget\" data-widget_type=\"heading.default\">\n\t\t\t\t<div class=\"elementor-widget-container\">\n\t\t\t\t\t<h2 class=\"elementor-heading-title elementor-size-default\">Pistas\u00edu rj\u00f3ma\u00eds<\/h2>\t\t\t\t<\/div>\n\t\t\t\t<\/div>\n\t\t\t\t\t<\/div>\n\t\t<\/div>\n\t\t\t\t<div class=\"elementor-column elementor-col-25 elementor-inner-column elementor-element elementor-element-49b4b6b\" data-id=\"49b4b6b\" data-element_type=\"column\" data-e-type=\"column\">\n\t\t\t<div class=\"elementor-widget-wrap elementor-element-populated\">\n\t\t\t\t\t\t<div class=\"elementor-element elementor-element-d42c5bd elementor-widget elementor-widget-image\" data-id=\"d42c5bd\" data-element_type=\"widget\" data-e-type=\"widget\" data-widget_type=\"image.default\">\n\t\t\t\t<div class=\"elementor-widget-container\">\n\t\t\t\t\t\t\t\t\t\t\t\t\t\t\t<img loading=\"lazy\" decoding=\"async\" width=\"195\" height=\"195\" src=\"https:\/\/brunnholl.is\/wp-content\/uploads\/2019\/11\/Screen-shot-2013-06-07-at-12.17.31-PM-195x195.png\" class=\"attachment-large size-large wp-image-906\" alt=\"\" srcset=\"https:\/\/brunnholl.is\/wp-content\/uploads\/2019\/11\/Screen-shot-2013-06-07-at-12.17.31-PM-195x195.png 195w, https:\/\/brunnholl.is\/wp-content\/uploads\/2019\/11\/Screen-shot-2013-06-07-at-12.17.31-PM-195x195-150x150.png 150w\" sizes=\"(max-width: 195px) 100vw, 195px\" \/>\t\t\t\t\t\t\t\t\t\t\t\t\t\t\t<\/div>\n\t\t\t\t<\/div>\n\t\t\t\t<div class=\"elementor-element elementor-element-963e3e1 elementor-widget elementor-widget-heading\" data-id=\"963e3e1\" data-element_type=\"widget\" data-e-type=\"widget\" data-widget_type=\"heading.default\">\n\t\t\t\t<div class=\"elementor-widget-container\">\n\t\t\t\t\t<h2 class=\"elementor-heading-title elementor-size-default\">Lakkr\u00eds rj\u00f3ma\u00eds\n<\/h2>\t\t\t\t<\/div>\n\t\t\t\t<\/div>\n\t\t\t\t\t<\/div>\n\t\t<\/div>\n\t\t\t\t\t<\/div>\n\t\t<\/section>\n\t\t\t\t\t<\/div>\n\t\t<\/div>\n\t\t\t\t\t<\/div>\n\t\t<\/section>\n\t\t\t\t<section class=\"elementor-section elementor-top-section elementor-element elementor-element-a0c8506 elementor-section-height-min-height elementor-section-boxed elementor-section-height-default elementor-section-items-middle\" data-id=\"a0c8506\" data-element_type=\"section\" data-e-type=\"section\" data-settings=\"{&quot;background_background&quot;:&quot;classic&quot;}\">\n\t\t\t\t\t\t<div class=\"elementor-container elementor-column-gap-default\">\n\t\t\t\t\t<div class=\"elementor-column elementor-col-100 elementor-top-column elementor-element elementor-element-ce69f3d\" data-id=\"ce69f3d\" data-element_type=\"column\" data-e-type=\"column\">\n\t\t\t<div class=\"elementor-widget-wrap\">\n\t\t\t\t\t\t\t<\/div>\n\t\t<\/div>\n\t\t\t\t\t<\/div>\n\t\t<\/section>\n\t\t\t\t<section class=\"elementor-section elementor-top-section elementor-element elementor-element-163fb8f elementor-section-boxed elementor-section-height-default elementor-section-height-default\" data-id=\"163fb8f\" data-element_type=\"section\" data-e-type=\"section\" data-settings=\"{&quot;background_background&quot;:&quot;classic&quot;}\">\n\t\t\t\t\t\t<div class=\"elementor-container elementor-column-gap-default\">\n\t\t\t\t\t<div class=\"elementor-column elementor-col-100 elementor-top-column elementor-element elementor-element-f6bf5a5\" data-id=\"f6bf5a5\" data-element_type=\"column\" data-e-type=\"column\">\n\t\t\t<div class=\"elementor-widget-wrap elementor-element-populated\">\n\t\t\t\t\t\t<section class=\"elementor-section elementor-inner-section elementor-element elementor-element-b2aadca elementor-section-boxed elementor-section-height-default elementor-section-height-default\" data-id=\"b2aadca\" data-element_type=\"section\" data-e-type=\"section\">\n\t\t\t\t\t\t<div class=\"elementor-container elementor-column-gap-default\">\n\t\t\t\t\t<div class=\"elementor-column elementor-col-100 elementor-inner-column elementor-element elementor-element-889b7b9\" data-id=\"889b7b9\" data-element_type=\"column\" data-e-type=\"column\">\n\t\t\t<div class=\"elementor-widget-wrap elementor-element-populated\">\n\t\t\t\t\t\t<div class=\"elementor-element elementor-element-eff905a elementor-widget elementor-widget-heading\" data-id=\"eff905a\" data-element_type=\"widget\" data-e-type=\"widget\" data-widget_type=\"heading.default\">\n\t\t\t\t<div class=\"elementor-widget-container\">\n\t\t\t\t\t<h2 class=\"elementor-heading-title elementor-size-default\">Framlei\u00f0sluferli\u00f0<\/h2>\t\t\t\t<\/div>\n\t\t\t\t<\/div>\n\t\t\t\t\t<\/div>\n\t\t<\/div>\n\t\t\t\t\t<\/div>\n\t\t<\/section>\n\t\t\t\t<section class=\"elementor-section elementor-inner-section elementor-element elementor-element-9e1aa3f elementor-section-boxed elementor-section-height-default elementor-section-height-default\" data-id=\"9e1aa3f\" data-element_type=\"section\" data-e-type=\"section\">\n\t\t\t\t\t\t<div class=\"elementor-container elementor-column-gap-default\">\n\t\t\t\t\t<div class=\"elementor-column elementor-col-100 elementor-inner-column elementor-element elementor-element-1f32b8d\" data-id=\"1f32b8d\" data-element_type=\"column\" data-e-type=\"column\">\n\t\t\t<div class=\"elementor-widget-wrap elementor-element-populated\">\n\t\t\t\t\t\t<div class=\"elementor-element elementor-element-48e06b9 elementor-widget elementor-widget-heading\" data-id=\"48e06b9\" data-element_type=\"widget\" data-e-type=\"widget\" data-widget_type=\"heading.default\">\n\t\t\t\t<div class=\"elementor-widget-container\">\n\t\t\t\t\t<h2 class=\"elementor-heading-title elementor-size-default\">Heimalaga\u00f0ur rj\u00f3ma\u00eds og krap\u00eds, bygg\u00f0ur \u00e1 g\u00e6\u00f0um en ekki magni.  Stutt framlei\u00f0sluferli og l\u00edti\u00f0 kolefnisf\u00f3tspor<br><\/h2>\t\t\t\t<\/div>\n\t\t\t\t<\/div>\n\t\t\t\t<div class=\"elementor-element elementor-element-24498ee elementor-widget elementor-widget-heading\" data-id=\"24498ee\" data-element_type=\"widget\" data-e-type=\"widget\" data-widget_type=\"heading.default\">\n\t\t\t\t<div class=\"elementor-widget-container\">\n\t\t\t\t\t<h2 class=\"elementor-heading-title elementor-size-default\">Framlei\u00f0slan byggir \u00e1 uppskriftum fr\u00e1 hollensku fyrirt\u00e6ki, FARM house Icecream me\u00f0 s\u00e9rst\u00f6ku leyfi.  Engin aukaefni eru notu\u00f0 vi\u00f0 framlei\u00f0sluna J\u00f6kla\u00eds og er \u00edslensk mj\u00f3lk uppista\u00f0an \u00ed \u00edsnum sem \u00feykir hafa r\u00edkt rj\u00f3mabrag\u00f0.  Einnig er framleiddur krap\u00eds, einkum til a\u00f0 koma til m\u00f3ts vi\u00f0 gesti me\u00f0 mj\u00f3lkur\u00f3\u00feol e\u00f0a me\u00f0 VEGAN l\u00edfsst\u00edl.  Vi\u00f0 h\u00f6fum veri\u00f0 a\u00f0 pr\u00f3fa okkur \u00e1fram me\u00f0 a\u00f0 n\u00fdta hr\u00e1efni \u00far n\u00e6rumhverfinu.  Margir kannast vi\u00f0 F\u00edfla\u00edsinn en h\u00f6fum einnig nota\u00f0 rabbarbara og ber.  Me\u00f0 stolti bj\u00f3\u00f0um vi\u00f0 fer\u00f0al\u00f6ngum upp \u00e1 vanda\u00f0an rj\u00f3ma\u00eds.i\u00f0skiptavinum okkar<br><br>Framlei\u00f0sluferli\u00f0 er stutt.  Mj\u00f3lkin er tekin strax eftir mjaltir og rj\u00f3minn skilinn fr\u00e1 n\u00fdmj\u00f3lkinni.  \u00de\u00e1 ver\u00f0ur til undanrenna og hana notum vi\u00f0 gjarnan til ostager\u00f0ar en mestan hluta f\u00e1 k\u00e1lfar \u00ed uppvexti.  \u00dev\u00ed n\u00e6st er rj\u00f3manum og l\u00edtillega af mj\u00f3lk blanda\u00f0 saman vi\u00f0 eggjarau\u00f0ur, sykur og brag\u00f0efni og hellt \u00ed \u00edsger\u00f0arv\u00e9lina.  \u00dear er blandan gerilsneydd og s\u00ed\u00f0an k\u00e6ld ni\u00f0ur \u00ed frostmark.  \u00cdsinn er \u00fe\u00e1 settur \u00ed vi\u00f0eigandi umb\u00fa\u00f0ir og frystur ni\u00f0ur \u00ed -18 - 20 \u00b0C<br>Framleitt er a\u00f0 mestu eftir eftirspurn og afur\u00f0in seld \u00e1 eigin veitingasta\u00f0 beint til neytenda, til a\u00f0 nj\u00f3ta \u00e1 sta\u00f0num, taka me\u00f0 s\u00e9r heim, \u00ed \u00fatileguna e\u00f0a sumarb\u00fasta\u00f0inn.  <br>\u00deetta gerir okkur kleift a\u00f0 m\u00e6ta eftirspurn vi\u00f0skiptavina okkar og leyfa \u00feeim a\u00f0 velja \u00far mismunandi brag\u00f0tegundum.<br><br>Hvort sem \u00fe\u00fa ert n\u00e6turgestur \u00e1 Brunnh\u00f3li, fer\u00f0alangur \u00e1 lei\u00f0 um \u00fej\u00f3\u00f0veginn e\u00f0a Hornfir\u00f0ingur,  l\u00e1ttu \u00fea\u00f0 eftir \u00fe\u00e9r a\u00f0 nj\u00f3ta J\u00f6kla\u00edss \u00ed \u00e6gif\u00f6gru umhverfi Vatnaj\u00f6kuls<br>e\u00f0a taka me\u00f0 \u00fe\u00e9r til a\u00f0 nj\u00f3ta e\u00f0a deila me\u00f0 \u00f6\u00f0rum s\u00ed\u00f0ar.<br><br><br><br><\/h2>\t\t\t\t<\/div>\n\t\t\t\t<\/div>\n\t\t\t\t\t<\/div>\n\t\t<\/div>\n\t\t\t\t\t<\/div>\n\t\t<\/section>\n\t\t\t\t\t<\/div>\n\t\t<\/div>\n\t\t\t\t\t<\/div>\n\t\t<\/section>\n\t\t\t\t<section class=\"elementor-section elementor-top-section elementor-element elementor-element-3943987 elementor-section-height-full elementor-section-boxed elementor-section-height-default elementor-section-items-middle\" data-id=\"3943987\" data-element_type=\"section\" data-e-type=\"section\" data-settings=\"{&quot;background_background&quot;:&quot;classic&quot;}\">\n\t\t\t\t\t\t<div class=\"elementor-container elementor-column-gap-default\">\n\t\t\t\t\t<div class=\"elementor-column elementor-col-100 elementor-top-column elementor-element elementor-element-8a925c4\" data-id=\"8a925c4\" data-element_type=\"column\" data-e-type=\"column\">\n\t\t\t<div class=\"elementor-widget-wrap elementor-element-populated\">\n\t\t\t\t\t\t<div class=\"elementor-element elementor-element-036a6ed elementor-widget elementor-widget-video\" data-id=\"036a6ed\" data-element_type=\"widget\" data-e-type=\"widget\" data-settings=\"{&quot;youtube_url&quot;:&quot;https:\\\/\\\/www.youtube.com\\\/watch?v=ic8kgZy7Oxo&amp;feature=emb_logo&quot;,&quot;video_type&quot;:&quot;youtube&quot;,&quot;controls&quot;:&quot;yes&quot;}\" data-widget_type=\"video.default\">\n\t\t\t\t<div class=\"elementor-widget-container\">\n\t\t\t\t\t\t\t<div class=\"elementor-wrapper elementor-open-inline\">\n\t\t\t<div class=\"elementor-video\"><\/div>\t\t<\/div>\n\t\t\t\t\t\t<\/div>\n\t\t\t\t<\/div>\n\t\t\t\t\t<\/div>\n\t\t<\/div>\n\t\t\t\t\t<\/div>\n\t\t<\/section>\n\t\t\t\t<\/div>\n\t\t","protected":false},"excerpt":{"rendered":"<p>Dekra\u00f0u vi\u00f0 sj\u00e1lfan \u00feig &#8211; \u00fe\u00fa \u00e1tt \u00fea\u00f0 skili\u00f0 S\u00e6lg\u00e6ti \u00far sveitinni \u00c1ri\u00f0 2007 h\u00f3fst framlei\u00f0sla \u00e1 J\u00f6kla\u00eds. Rj\u00f3ma\u00edsinn er framleiddur \u00far mj\u00f3lk fr\u00e1 n\u00e1grannab\u00fdlinu \u00c1rb\u00e6, \u00fear sem sonur okkar og tengdad\u00f3ttir stunda nautgripar\u00e6kt, einkum mj\u00f3lkurframlei\u00f0su en einnig ala \u00feau nautgripi til kj\u00f6tframlei\u00f0slu. \u00deannig hj\u00e1lpast kynsl\u00f3\u00f0irnar a\u00f0 og sty\u00f0ja hvor a\u00f0ra. Brunnh\u00f3ll er fj\u00f6lskylduv\u00e6nt gistiheimili [&hellip;]<\/p>\n","protected":false},"author":1,"featured_media":0,"parent":0,"menu_order":0,"comment_status":"closed","ping_status":"closed","template":"","meta":{"footnotes":""},"class_list":["post-789","page","type-page","status-publish","hentry"],"_links":{"self":[{"href":"https:\/\/brunnholl.is\/is\/wp-json\/wp\/v2\/pages\/789","targetHints":{"allow":["GET"]}}],"collection":[{"href":"https:\/\/brunnholl.is\/is\/wp-json\/wp\/v2\/pages"}],"about":[{"href":"https:\/\/brunnholl.is\/is\/wp-json\/wp\/v2\/types\/page"}],"author":[{"embeddable":true,"href":"https:\/\/brunnholl.is\/is\/wp-json\/wp\/v2\/users\/1"}],"replies":[{"embeddable":true,"href":"https:\/\/brunnholl.is\/is\/wp-json\/wp\/v2\/comments?post=789"}],"version-history":[{"count":12,"href":"https:\/\/brunnholl.is\/is\/wp-json\/wp\/v2\/pages\/789\/revisions"}],"predecessor-version":[{"id":1002,"href":"https:\/\/brunnholl.is\/is\/wp-json\/wp\/v2\/pages\/789\/revisions\/1002"}],"wp:attachment":[{"href":"https:\/\/brunnholl.is\/is\/wp-json\/wp\/v2\/media?parent=789"}],"curies":[{"name":"wp","href":"https:\/\/api.w.org\/{rel}","templated":true}]}}